{"id":322,"date":"2022-05-28T07:24:46","date_gmt":"2022-05-28T07:24:46","guid":{"rendered":"https:\/\/aquaconsultingllc.com\/holding\/?page_id=322"},"modified":"2024-10-18T05:15:37","modified_gmt":"2024-10-18T05:15:37","slug":"biovital","status":"publish","type":"page","link":"https:\/\/aquaconsultingllc.com\/holding\/biovital\/","title":{"rendered":"BIOVITAL"},"content":{"rendered":"\t\t<div data-elementor-type=\"wp-page\" data-elementor-id=\"322\" class=\"elementor elementor-322\">\n\t\t\t\t\t\t<div class=\"elementor-inner\">\n\t\t\t\t<div class=\"elementor-section-wrap\">\n\t\t\t\t\t\t\t\t\t<section class=\"elementor-section elementor-top-section elementor-element elementor-element-5753492 elementor-section-boxed elementor-section-height-default elementor-section-height-default\" data-id=\"5753492\" data-element_type=\"section\">\n\t\t\t\t\t\t<div class=\"elementor-container elementor-column-gap-default\">\n\t\t\t\t\t\t\t<div class=\"elementor-row\">\n\t\t\t\t\t<div class=\"elementor-column elementor-col-100 elementor-top-column elementor-element elementor-element-e587e0b\" data-id=\"e587e0b\" data-element_type=\"column\">\n\t\t\t<div class=\"elementor-column-wrap elementor-element-populated\">\n\t\t\t\t\t\t\t<div class=\"elementor-widget-wrap\">\n\t\t\t\t\t\t<div class=\"elementor-element elementor-element-449d535 elementor-widget elementor-widget-image\" data-id=\"449d535\" data-element_type=\"widget\" data-widget_type=\"image.default\">\n\t\t\t\t<div class=\"elementor-widget-container\">\n\t\t\t\t\t\t\t\t<div class=\"elementor-image\">\n\t\t\t\t\t\t\t\t\t\t\t\t<img width=\"270\" height=\"131\" src=\"https:\/\/aquaconsultingllc.com\/holding\/wp-content\/uploads\/2022\/05\/logobiov.png\" class=\"attachment-large size-large\" alt=\"\" loading=\"lazy\" \/>\t\t\t\t\t\t\t\t\t\t\t\t\t\t<\/div>\n\t\t\t\t\t\t<\/div>\n\t\t\t\t<\/div>\n\t\t\t\t\t\t<\/div>\n\t\t\t\t\t<\/div>\n\t\t<\/div>\n\t\t\t\t\t\t\t\t<\/div>\n\t\t\t\t\t<\/div>\n\t\t<\/section>\n\t\t\t\t<section class=\"elementor-section elementor-top-section elementor-element elementor-element-63fa5d0 elementor-section-boxed elementor-section-height-default elementor-section-height-default\" data-id=\"63fa5d0\" data-element_type=\"section\">\n\t\t\t\t\t\t<div class=\"elementor-container elementor-column-gap-default\">\n\t\t\t\t\t\t\t<div class=\"elementor-row\">\n\t\t\t\t\t<div class=\"elementor-column elementor-col-100 elementor-top-column elementor-element elementor-element-7b1814e\" data-id=\"7b1814e\" data-element_type=\"column\">\n\t\t\t<div class=\"elementor-column-wrap elementor-element-populated\">\n\t\t\t\t\t\t\t<div class=\"elementor-widget-wrap\">\n\t\t\t\t\t\t<div class=\"elementor-element elementor-element-bbdfc47 elementor-widget elementor-widget-heading\" data-id=\"bbdfc47\" data-element_type=\"widget\" data-widget_type=\"heading.default\">\n\t\t\t\t<div class=\"elementor-widget-container\">\n\t\t\t<p class=\"elementor-heading-title elementor-size-default\">BIOELEMENTOS VITALES DE COLOMBIA S.A.S., fundada en el a\u00f1o 2011, es una empresa de desarrollo tecnol\u00f3gico en las \u00e1reas de saneamiento b\u00e1sico, suplementos alimenticios e insumos agr\u00edcolas. Adem\u00e1s es la encargada de certificar y avalar los procesos y desarrollos tecnol\u00f3gicos aplicados por nuestras empresas.<\/p>\t\t<\/div>\n\t\t\t\t<\/div>\n\t\t\t\t\t\t<\/div>\n\t\t\t\t\t<\/div>\n\t\t<\/div>\n\t\t\t\t\t\t\t\t<\/div>\n\t\t\t\t\t<\/div>\n\t\t<\/section>\n\t\t\t\t<section class=\"elementor-section elementor-top-section elementor-element elementor-element-37d24eb elementor-section-boxed elementor-section-height-default elementor-section-height-default\" data-id=\"37d24eb\" data-element_type=\"section\">\n\t\t\t\t\t\t<div class=\"elementor-container elementor-column-gap-default\">\n\t\t\t\t\t\t\t<div class=\"elementor-row\">\n\t\t\t\t\t<div class=\"elementor-column elementor-col-100 elementor-top-column elementor-element elementor-element-114cf4c\" data-id=\"114cf4c\" data-element_type=\"column\">\n\t\t\t<div class=\"elementor-column-wrap elementor-element-populated\">\n\t\t\t\t\t\t\t<div class=\"elementor-widget-wrap\">\n\t\t\t\t\t\t<div class=\"elementor-element elementor-element-d0eaace elementor-widget elementor-widget-image\" data-id=\"d0eaace\" data-element_type=\"widget\" data-widget_type=\"image.default\">\n\t\t\t\t<div class=\"elementor-widget-container\">\n\t\t\t\t\t\t\t\t<div class=\"elementor-image\">\n\t\t\t\t\t\t\t\t\t\t\t\t<img width=\"640\" height=\"91\" src=\"https:\/\/aquaconsultingllc.com\/holding\/wp-content\/uploads\/2022\/05\/Cert-p4q2yx9xesom12fkvj5a11yg3vvdxhkcesxnjzsfce.png\" class=\"attachment-large size-large\" alt=\"\" loading=\"lazy\" srcset=\"https:\/\/aquaconsultingllc.com\/holding\/wp-content\/uploads\/2022\/05\/Cert-p4q2yx9xesom12fkvj5a11yg3vvdxhkcesxnjzsfce.png 750w, https:\/\/aquaconsultingllc.com\/holding\/wp-content\/uploads\/2022\/05\/Cert-p4q2yx9xesom12fkvj5a11yg3vvdxhkcesxnjzsfce-300x43.png 300w\" sizes=\"(max-width: 640px) 100vw, 640px\" \/>\t\t\t\t\t\t\t\t\t\t\t\t\t\t<\/div>\n\t\t\t\t\t\t<\/div>\n\t\t\t\t<\/div>\n\t\t\t\t\t\t<\/div>\n\t\t\t\t\t<\/div>\n\t\t<\/div>\n\t\t\t\t\t\t\t\t<\/div>\n\t\t\t\t\t<\/div>\n\t\t<\/section>\n\t\t\t\t<section class=\"elementor-section elementor-top-section elementor-element elementor-element-35dcefa elementor-section-boxed elementor-section-height-default elementor-section-height-default\" data-id=\"35dcefa\" data-element_type=\"section\">\n\t\t\t\t\t\t<div class=\"elementor-container elementor-column-gap-default\">\n\t\t\t\t\t\t\t<div class=\"elementor-row\">\n\t\t\t\t\t<div class=\"elementor-column elementor-col-100 elementor-top-column elementor-element elementor-element-1da89b3\" data-id=\"1da89b3\" data-element_type=\"column\">\n\t\t\t<div class=\"elementor-column-wrap elementor-element-populated\">\n\t\t\t\t\t\t\t<div class=\"elementor-widget-wrap\">\n\t\t\t\t\t\t<div class=\"elementor-element elementor-element-53c4915 elementor-widget elementor-widget-heading\" data-id=\"53c4915\" data-element_type=\"widget\" data-widget_type=\"heading.default\">\n\t\t\t\t<div class=\"elementor-widget-container\">\n\t\t\t<h2 class=\"elementor-heading-title elementor-size-default\">Certificaciones<\/h2>\t\t<\/div>\n\t\t\t\t<\/div>\n\t\t\t\t\t\t<\/div>\n\t\t\t\t\t<\/div>\n\t\t<\/div>\n\t\t\t\t\t\t\t\t<\/div>\n\t\t\t\t\t<\/div>\n\t\t<\/section>\n\t\t\t\t<section class=\"elementor-section elementor-top-section elementor-element elementor-element-acf58cc elementor-section-boxed elementor-section-height-default elementor-section-height-default\" data-id=\"acf58cc\" data-element_type=\"section\">\n\t\t\t\t\t\t<div class=\"elementor-container elementor-column-gap-default\">\n\t\t\t\t\t\t\t<div class=\"elementor-row\">\n\t\t\t\t\t<div class=\"elementor-column elementor-col-16 elementor-top-column elementor-element elementor-element-35d5ec6\" data-id=\"35d5ec6\" data-element_type=\"column\">\n\t\t\t<div class=\"elementor-column-wrap elementor-element-populated\">\n\t\t\t\t\t\t\t<div class=\"elementor-widget-wrap\">\n\t\t\t\t\t\t<div class=\"elementor-element elementor-element-0085db5 elementor-widget elementor-widget-image\" data-id=\"0085db5\" data-element_type=\"widget\" data-widget_type=\"image.default\">\n\t\t\t\t<div class=\"elementor-widget-container\">\n\t\t\t\t\t\t\t\t<div class=\"elementor-image\">\n\t\t\t\t\t\t\t\t\t\t\t\t<img src=\"https:\/\/aquaconsultingllc.com\/holding\/wp-content\/uploads\/elementor\/thumbs\/fda-ppgyhkw8cw4ngbs5dkt4498leyu8yej7kqf0x40ob6.png\" title=\"fda\" alt=\"fda\" \/>\t\t\t\t\t\t\t\t\t\t\t\t\t\t<\/div>\n\t\t\t\t\t\t<\/div>\n\t\t\t\t<\/div>\n\t\t\t\t\t\t<\/div>\n\t\t\t\t\t<\/div>\n\t\t<\/div>\n\t\t\t\t<div class=\"elementor-column elementor-col-16 elementor-top-column elementor-element elementor-element-c888f8a\" data-id=\"c888f8a\" data-element_type=\"column\">\n\t\t\t<div class=\"elementor-column-wrap elementor-element-populated\">\n\t\t\t\t\t\t\t<div class=\"elementor-widget-wrap\">\n\t\t\t\t\t\t<div class=\"elementor-element elementor-element-577c354 elementor-widget elementor-widget-image\" data-id=\"577c354\" data-element_type=\"widget\" data-widget_type=\"image.default\">\n\t\t\t\t<div class=\"elementor-widget-container\">\n\t\t\t\t\t\t\t\t<div class=\"elementor-image\">\n\t\t\t\t\t\t\t\t\t\t\t\t<img width=\"266\" height=\"146\" src=\"https:\/\/aquaconsultingllc.com\/holding\/wp-content\/uploads\/2022\/05\/epa.png\" class=\"attachment-large size-large\" alt=\"\" loading=\"lazy\" \/>\t\t\t\t\t\t\t\t\t\t\t\t\t\t<\/div>\n\t\t\t\t\t\t<\/div>\n\t\t\t\t<\/div>\n\t\t\t\t\t\t<\/div>\n\t\t\t\t\t<\/div>\n\t\t<\/div>\n\t\t\t\t<div class=\"elementor-column elementor-col-16 elementor-top-column elementor-element elementor-element-b4dbec9\" data-id=\"b4dbec9\" data-element_type=\"column\">\n\t\t\t<div class=\"elementor-column-wrap elementor-element-populated\">\n\t\t\t\t\t\t\t<div class=\"elementor-widget-wrap\">\n\t\t\t\t\t\t<div class=\"elementor-element elementor-element-a4c25c1 elementor-widget elementor-widget-image\" data-id=\"a4c25c1\" data-element_type=\"widget\" data-widget_type=\"image.default\">\n\t\t\t\t<div class=\"elementor-widget-container\">\n\t\t\t\t\t\t\t\t<div class=\"elementor-image\">\n\t\t\t\t\t\t\t\t\t\t\t\t<img width=\"640\" height=\"221\" src=\"https:\/\/aquaconsultingllc.com\/holding\/wp-content\/uploads\/2022\/05\/Cofepris.png\" class=\"attachment-large size-large\" alt=\"\" loading=\"lazy\" srcset=\"https:\/\/aquaconsultingllc.com\/holding\/wp-content\/uploads\/2022\/05\/Cofepris.png 1000w, https:\/\/aquaconsultingllc.com\/holding\/wp-content\/uploads\/2022\/05\/Cofepris-300x104.png 300w, https:\/\/aquaconsultingllc.com\/holding\/wp-content\/uploads\/2022\/05\/Cofepris-768x265.png 768w\" sizes=\"(max-width: 640px) 100vw, 640px\" \/>\t\t\t\t\t\t\t\t\t\t\t\t\t\t<\/div>\n\t\t\t\t\t\t<\/div>\n\t\t\t\t<\/div>\n\t\t\t\t\t\t<\/div>\n\t\t\t\t\t<\/div>\n\t\t<\/div>\n\t\t\t\t<div class=\"elementor-column elementor-col-16 elementor-top-column elementor-element elementor-element-6db63bb\" data-id=\"6db63bb\" data-element_type=\"column\">\n\t\t\t<div class=\"elementor-column-wrap elementor-element-populated\">\n\t\t\t\t\t\t\t<div class=\"elementor-widget-wrap\">\n\t\t\t\t\t\t<div class=\"elementor-element elementor-element-f267e20 elementor-widget elementor-widget-image\" data-id=\"f267e20\" data-element_type=\"widget\" data-widget_type=\"image.default\">\n\t\t\t\t<div class=\"elementor-widget-container\">\n\t\t\t\t\t\t\t\t<div class=\"elementor-image\">\n\t\t\t\t\t\t\t\t\t\t\t\t<img src=\"https:\/\/aquaconsultingllc.com\/holding\/wp-content\/uploads\/elementor\/thumbs\/onmri-ppgyhmrwqk783jpf2lmd98rilqkzdsqo8zpzvnxw22.png\" title=\"onmri\" alt=\"onmri\" \/>\t\t\t\t\t\t\t\t\t\t\t\t\t\t<\/div>\n\t\t\t\t\t\t<\/div>\n\t\t\t\t<\/div>\n\t\t\t\t\t\t<\/div>\n\t\t\t\t\t<\/div>\n\t\t<\/div>\n\t\t\t\t<div class=\"elementor-column elementor-col-16 elementor-top-column elementor-element elementor-element-4e43767\" data-id=\"4e43767\" data-element_type=\"column\">\n\t\t\t<div class=\"elementor-column-wrap elementor-element-populated\">\n\t\t\t\t\t\t\t<div class=\"elementor-widget-wrap\">\n\t\t\t\t\t\t<div class=\"elementor-element elementor-element-fa65629 elementor-widget elementor-widget-image\" data-id=\"fa65629\" data-element_type=\"widget\" data-widget_type=\"image.default\">\n\t\t\t\t<div class=\"elementor-widget-container\">\n\t\t\t\t\t\t\t\t<div class=\"elementor-image\">\n\t\t\t\t\t\t\t\t\t\t\t\t<img width=\"640\" height=\"408\" src=\"https:\/\/aquaconsultingllc.com\/holding\/wp-content\/uploads\/2022\/05\/portada_generica-invima.png\" class=\"attachment-large size-large\" alt=\"\" loading=\"lazy\" srcset=\"https:\/\/aquaconsultingllc.com\/holding\/wp-content\/uploads\/2022\/05\/portada_generica-invima.png 700w, https:\/\/aquaconsultingllc.com\/holding\/wp-content\/uploads\/2022\/05\/portada_generica-invima-300x191.png 300w\" sizes=\"(max-width: 640px) 100vw, 640px\" \/>\t\t\t\t\t\t\t\t\t\t\t\t\t\t<\/div>\n\t\t\t\t\t\t<\/div>\n\t\t\t\t<\/div>\n\t\t\t\t\t\t<\/div>\n\t\t\t\t\t<\/div>\n\t\t<\/div>\n\t\t\t\t<div class=\"elementor-column elementor-col-16 elementor-top-column elementor-element elementor-element-60b6ed7\" data-id=\"60b6ed7\" data-element_type=\"column\">\n\t\t\t<div class=\"elementor-column-wrap elementor-element-populated\">\n\t\t\t\t\t\t\t<div class=\"elementor-widget-wrap\">\n\t\t\t\t\t\t<div class=\"elementor-element elementor-element-3a2914a elementor-widget elementor-widget-image\" data-id=\"3a2914a\" data-element_type=\"widget\" data-widget_type=\"image.default\">\n\t\t\t\t<div class=\"elementor-widget-container\">\n\t\t\t\t\t\t\t\t<div class=\"elementor-image\">\n\t\t\t\t\t\t\t\t\t\t\t\t<img width=\"640\" height=\"384\" src=\"https:\/\/aquaconsultingllc.com\/holding\/wp-content\/uploads\/2022\/05\/190118_notaMinsalud_1800-1024x614.jpg\" class=\"attachment-large size-large\" alt=\"\" loading=\"lazy\" srcset=\"https:\/\/aquaconsultingllc.com\/holding\/wp-content\/uploads\/2022\/05\/190118_notaMinsalud_1800-1024x614.jpg 1024w, https:\/\/aquaconsultingllc.com\/holding\/wp-content\/uploads\/2022\/05\/190118_notaMinsalud_1800-300x180.jpg 300w, https:\/\/aquaconsultingllc.com\/holding\/wp-content\/uploads\/2022\/05\/190118_notaMinsalud_1800-768x461.jpg 768w, https:\/\/aquaconsultingllc.com\/holding\/wp-content\/uploads\/2022\/05\/190118_notaMinsalud_1800-1536x922.jpg 1536w, https:\/\/aquaconsultingllc.com\/holding\/wp-content\/uploads\/2022\/05\/190118_notaMinsalud_1800-1568x941.jpg 1568w, https:\/\/aquaconsultingllc.com\/holding\/wp-content\/uploads\/2022\/05\/190118_notaMinsalud_1800.jpg 1800w\" sizes=\"(max-width: 640px) 100vw, 640px\" \/>\t\t\t\t\t\t\t\t\t\t\t\t\t\t<\/div>\n\t\t\t\t\t\t<\/div>\n\t\t\t\t<\/div>\n\t\t\t\t\t\t<\/div>\n\t\t\t\t\t<\/div>\n\t\t<\/div>\n\t\t\t\t\t\t\t\t<\/div>\n\t\t\t\t\t<\/div>\n\t\t<\/section>\n\t\t\t\t\t\t\t\t\t<\/div>\n\t\t\t<\/div>\n\t\t\t\t\t<\/div>\n\t\t","protected":false},"excerpt":{"rendered":"<p>BIOELEMENTOS VITALES DE COLOMBIA S.A.S., fundada en el a\u00f1o 2011, es una empresa de desarrollo tecnol\u00f3gico en las \u00e1reas de saneamiento [&hellip;]<\/p>\n","protected":false},"author":1,"featured_media":0,"parent":0,"menu_order":0,"comment_status":"closed","ping_status":"closed","template":"templates\/builder-fullwidth-std.php","meta":[],"_links":{"self":[{"href":"https:\/\/aquaconsultingllc.com\/holding\/wp-json\/wp\/v2\/pages\/322"}],"collection":[{"href":"https:\/\/aquaconsultingllc.com\/holding\/wp-json\/wp\/v2\/pages"}],"about":[{"href":"https:\/\/aquaconsultingllc.com\/holding\/wp-json\/wp\/v2\/types\/page"}],"author":[{"embeddable":true,"href":"https:\/\/aquaconsultingllc.com\/holding\/wp-json\/wp\/v2\/users\/1"}],"replies":[{"embeddable":true,"href":"https:\/\/aquaconsultingllc.com\/holding\/wp-json\/wp\/v2\/comments?post=322"}],"version-history":[{"count":21,"href":"https:\/\/aquaconsultingllc.com\/holding\/wp-json\/wp\/v2\/pages\/322\/revisions"}],"predecessor-version":[{"id":803,"href":"https:\/\/aquaconsultingllc.com\/holding\/wp-json\/wp\/v2\/pages\/322\/revisions\/803"}],"wp:attachment":[{"href":"https:\/\/aquaconsultingllc.com\/holding\/wp-json\/wp\/v2\/media?parent=322"}],"curies":[{"name":"wp","href":"https:\/\/api.w.org\/{rel}","templated":true}]}}