{"id":781,"date":"2022-11-21T15:24:58","date_gmt":"2022-11-21T15:24:58","guid":{"rendered":"https:\/\/aquaconsultingllc.com\/holding\/?page_id=781"},"modified":"2024-10-18T06:06:18","modified_gmt":"2024-10-18T06:06:18","slug":"h2o-2","status":"publish","type":"page","link":"https:\/\/aquaconsultingllc.com\/holding\/h2o-2\/","title":{"rendered":"D&#038;MC CONSULTORES SAS"},"content":{"rendered":"\t\t<div data-elementor-type=\"wp-page\" data-elementor-id=\"781\" class=\"elementor elementor-781\">\n\t\t\t\t\t\t<div class=\"elementor-inner\">\n\t\t\t\t<div class=\"elementor-section-wrap\">\n\t\t\t\t\t\t\t\t\t<section class=\"elementor-section elementor-top-section elementor-element elementor-element-7fac011 elementor-section-boxed elementor-section-height-default elementor-section-height-default\" data-id=\"7fac011\" data-element_type=\"section\">\n\t\t\t\t\t\t<div class=\"elementor-container elementor-column-gap-default\">\n\t\t\t\t\t\t\t<div class=\"elementor-row\">\n\t\t\t\t\t<div class=\"elementor-column elementor-col-50 elementor-top-column elementor-element elementor-element-bfbc4ad\" data-id=\"bfbc4ad\" data-element_type=\"column\">\n\t\t\t<div class=\"elementor-column-wrap elementor-element-populated\">\n\t\t\t\t\t\t\t<div class=\"elementor-widget-wrap\">\n\t\t\t\t\t\t<div class=\"elementor-element elementor-element-c650d8d elementor-widget elementor-widget-image\" data-id=\"c650d8d\" data-element_type=\"widget\" data-widget_type=\"image.default\">\n\t\t\t\t<div class=\"elementor-widget-container\">\n\t\t\t\t\t\t\t\t<div class=\"elementor-image\">\n\t\t\t\t\t\t\t\t\t\t\t\t<img src=\"https:\/\/aquaconsultingllc.com\/holding\/wp-content\/uploads\/elementor\/thumbs\/Photoroom-20241018_004238-qvq60ac79c1yjsjc4br91n25drprlptw3va8t2v4sg.png\" title=\"Photoroom-20241018_004238\" alt=\"Photoroom-20241018_004238\" \/>\t\t\t\t\t\t\t\t\t\t\t\t\t\t<\/div>\n\t\t\t\t\t\t<\/div>\n\t\t\t\t<\/div>\n\t\t\t\t\t\t<\/div>\n\t\t\t\t\t<\/div>\n\t\t<\/div>\n\t\t\t\t<div class=\"elementor-column elementor-col-50 elementor-top-column elementor-element elementor-element-56edaa8\" data-id=\"56edaa8\" data-element_type=\"column\">\n\t\t\t<div class=\"elementor-column-wrap elementor-element-populated\">\n\t\t\t\t\t\t\t<div class=\"elementor-widget-wrap\">\n\t\t\t\t\t\t<div class=\"elementor-element elementor-element-f3157b8 elementor-widget elementor-widget-heading\" data-id=\"f3157b8\" data-element_type=\"widget\" data-widget_type=\"heading.default\">\n\t\t\t\t<div class=\"elementor-widget-container\">\n\t\t\t<p class=\"elementor-heading-title elementor-size-default\">D&MC CONSULTORES S.A.S.,  es un proveedor de servicios de consultor\u00eda en ingenier\u00eda civil y ambiental y para proyectos de saneamiento b\u00e1sico. Transformamos conocimientos cient\u00edficos y t\u00e9cnicos en soluciones \u00fatiles, poniendo en pr\u00e1ctica la invenci\u00f3n y la innovaci\u00f3n, para maximizar la inversi\u00f3n de los clientes. Usando de forma practica e inteligente nuestros recursos tecnol\u00f3gicos para promover la eficiencia de nuestros procesos. Brindando un acompa\u00f1amiento constante en todos los procesos de consultor\u00eda e ingenier\u00eda, para potencializar el valor de la empresa ante nuestros Stakeholder.<\/p>\t\t<\/div>\n\t\t\t\t<\/div>\n\t\t\t\t\t\t<\/div>\n\t\t\t\t\t<\/div>\n\t\t<\/div>\n\t\t\t\t\t\t\t\t<\/div>\n\t\t\t\t\t<\/div>\n\t\t<\/section>\n\t\t\t\t<section class=\"elementor-section elementor-top-section elementor-element elementor-element-c12c3ff elementor-section-full_width elementor-section-height-default elementor-section-height-default\" data-id=\"c12c3ff\" data-element_type=\"section\" data-settings=\"{&quot;background_background&quot;:&quot;classic&quot;}\">\n\t\t\t\t\t\t<div class=\"elementor-container elementor-column-gap-default\">\n\t\t\t\t\t\t\t<div class=\"elementor-row\">\n\t\t\t\t\t<div class=\"elementor-column elementor-col-100 elementor-top-column elementor-element elementor-element-e6c0e15\" data-id=\"e6c0e15\" data-element_type=\"column\">\n\t\t\t<div class=\"elementor-column-wrap elementor-element-populated\">\n\t\t\t\t\t\t\t<div class=\"elementor-widget-wrap\">\n\t\t\t\t\t\t<div class=\"elementor-element elementor-element-11baec8 elementor-widget elementor-widget-heading\" data-id=\"11baec8\" data-element_type=\"widget\" data-widget_type=\"heading.default\">\n\t\t\t\t<div class=\"elementor-widget-container\">\n\t\t\t<p class=\"elementor-heading-title elementor-size-default\">Proyectos Especiales<\/p>\t\t<\/div>\n\t\t\t\t<\/div>\n\t\t\t\t\t\t<\/div>\n\t\t\t\t\t<\/div>\n\t\t<\/div>\n\t\t\t\t\t\t\t\t<\/div>\n\t\t\t\t\t<\/div>\n\t\t<\/section>\n\t\t\t\t<section class=\"elementor-section elementor-top-section elementor-element elementor-element-e222e89 elementor-section-boxed elementor-section-height-default elementor-section-height-default\" data-id=\"e222e89\" data-element_type=\"section\">\n\t\t\t\t\t\t<div class=\"elementor-container elementor-column-gap-default\">\n\t\t\t\t\t\t\t<div class=\"elementor-row\">\n\t\t\t\t\t<div class=\"elementor-column elementor-col-100 elementor-top-column elementor-element elementor-element-3e0fc0b\" data-id=\"3e0fc0b\" data-element_type=\"column\">\n\t\t\t<div class=\"elementor-column-wrap elementor-element-populated\">\n\t\t\t\t\t\t\t<div class=\"elementor-widget-wrap\">\n\t\t\t\t\t\t<div class=\"elementor-element elementor-element-12e11a6 elementor-widget elementor-widget-heading\" data-id=\"12e11a6\" data-element_type=\"widget\" data-widget_type=\"heading.default\">\n\t\t\t\t<div class=\"elementor-widget-container\">\n\t\t\t<span class=\"elementor-heading-title elementor-size-default\">Hemos acumulado una gran experiencia que nos da la seguridad para afrontar con garant\u00eda de \u00e9xito los proyectos m\u00e1s diversos que nos son confiados. Entre otros hemos ejecutado los siguientes tipos de obras:<\/span>\t\t<\/div>\n\t\t\t\t<\/div>\n\t\t\t\t\t\t<\/div>\n\t\t\t\t\t<\/div>\n\t\t<\/div>\n\t\t\t\t\t\t\t\t<\/div>\n\t\t\t\t\t<\/div>\n\t\t<\/section>\n\t\t\t\t<section class=\"elementor-section elementor-top-section elementor-element elementor-element-514008a elementor-section-boxed elementor-section-height-default elementor-section-height-default\" data-id=\"514008a\" data-element_type=\"section\">\n\t\t\t\t\t\t<div class=\"elementor-container elementor-column-gap-default\">\n\t\t\t\t\t\t\t<div class=\"elementor-row\">\n\t\t\t\t\t<div class=\"elementor-column elementor-col-50 elementor-top-column elementor-element elementor-element-9c90625\" data-id=\"9c90625\" data-element_type=\"column\">\n\t\t\t<div class=\"elementor-column-wrap elementor-element-populated\">\n\t\t\t\t\t\t\t<div class=\"elementor-widget-wrap\">\n\t\t\t\t\t\t<div class=\"elementor-element elementor-element-8ee77ff elementor-widget elementor-widget-image\" data-id=\"8ee77ff\" data-element_type=\"widget\" data-widget_type=\"image.default\">\n\t\t\t\t<div class=\"elementor-widget-container\">\n\t\t\t\t\t\t\t\t<div class=\"elementor-image\">\n\t\t\t\t\t\t\t\t\t\t\t\t<img width=\"300\" height=\"133\" src=\"https:\/\/aquaconsultingllc.com\/holding\/wp-content\/uploads\/2022\/05\/WhatsApp-Image-2022-05-28-at-12.37.20-AM-300x133.jpeg\" class=\"attachment-medium size-medium\" alt=\"\" loading=\"lazy\" srcset=\"https:\/\/aquaconsultingllc.com\/holding\/wp-content\/uploads\/2022\/05\/WhatsApp-Image-2022-05-28-at-12.37.20-AM-300x133.jpeg 300w, https:\/\/aquaconsultingllc.com\/holding\/wp-content\/uploads\/2022\/05\/WhatsApp-Image-2022-05-28-at-12.37.20-AM-768x340.jpeg 768w, https:\/\/aquaconsultingllc.com\/holding\/wp-content\/uploads\/2022\/05\/WhatsApp-Image-2022-05-28-at-12.37.20-AM.jpeg 871w\" sizes=\"(max-width: 300px) 100vw, 300px\" \/>\t\t\t\t\t\t\t\t\t\t\t\t\t\t<\/div>\n\t\t\t\t\t\t<\/div>\n\t\t\t\t<\/div>\n\t\t\t\t<div class=\"elementor-element elementor-element-1b631e8 elementor-widget elementor-widget-heading\" data-id=\"1b631e8\" data-element_type=\"widget\" data-widget_type=\"heading.default\">\n\t\t\t\t<div class=\"elementor-widget-container\">\n\t\t\t<h2 class=\"elementor-heading-title elementor-size-default\">FORMULACION PROYECTO ESTADIO DE FUTBOL MUNICIPIO DE TOL\u00da - SUCRE<\/h2>\t\t<\/div>\n\t\t\t\t<\/div>\n\t\t\t\t\t\t<\/div>\n\t\t\t\t\t<\/div>\n\t\t<\/div>\n\t\t\t\t<div class=\"elementor-column elementor-col-50 elementor-top-column elementor-element elementor-element-0b3d5b8\" data-id=\"0b3d5b8\" data-element_type=\"column\">\n\t\t\t<div class=\"elementor-column-wrap elementor-element-populated\">\n\t\t\t\t\t\t\t<div class=\"elementor-widget-wrap\">\n\t\t\t\t\t\t<div class=\"elementor-element elementor-element-4dc0b34 elementor-widget elementor-widget-image\" data-id=\"4dc0b34\" data-element_type=\"widget\" data-widget_type=\"image.default\">\n\t\t\t\t<div class=\"elementor-widget-container\">\n\t\t\t\t\t\t\t\t<div class=\"elementor-image\">\n\t\t\t\t\t\t\t\t\t\t\t\t<img src=\"https:\/\/aquaconsultingllc.com\/holding\/wp-content\/uploads\/elementor\/thumbs\/WhatsApp-Image-2022-05-28-at-12.34.31-AM-ppgthx0sz81vle69xz3gyb9ry2r7ws0ui74iejes66.jpeg\" title=\"WhatsApp-Image-2022-05-28-at-12.34.31-AM\" alt=\"WhatsApp-Image-2022-05-28-at-12.34.31-AM\" \/>\t\t\t\t\t\t\t\t\t\t\t\t\t\t<\/div>\n\t\t\t\t\t\t<\/div>\n\t\t\t\t<\/div>\n\t\t\t\t<div class=\"elementor-element elementor-element-4bf2b6e elementor-widget elementor-widget-heading\" data-id=\"4bf2b6e\" data-element_type=\"widget\" data-widget_type=\"heading.default\">\n\t\t\t\t<div class=\"elementor-widget-container\">\n\t\t\t<h2 class=\"elementor-heading-title elementor-size-default\">FORMULACI\u00d3N PROYECTO PTAR <\/h2>\t\t<\/div>\n\t\t\t\t<\/div>\n\t\t\t\t\t\t<\/div>\n\t\t\t\t\t<\/div>\n\t\t<\/div>\n\t\t\t\t\t\t\t\t<\/div>\n\t\t\t\t\t<\/div>\n\t\t<\/section>\n\t\t\t\t\t\t\t\t\t<\/div>\n\t\t\t<\/div>\n\t\t\t\t\t<\/div>\n\t\t","protected":false},"excerpt":{"rendered":"<p>D&amp;MC CONSULTORES S.A.S., es un proveedor de servicios de consultor\u00eda en ingenier\u00eda civil y ambiental y para proyectos de saneamiento b\u00e1sico. [&hellip;]<\/p>\n","protected":false},"author":1,"featured_media":0,"parent":0,"menu_order":0,"comment_status":"closed","ping_status":"closed","template":"templates\/builder-fullwidth-std.php","meta":[],"_links":{"self":[{"href":"https:\/\/aquaconsultingllc.com\/holding\/wp-json\/wp\/v2\/pages\/781"}],"collection":[{"href":"https:\/\/aquaconsultingllc.com\/holding\/wp-json\/wp\/v2\/pages"}],"about":[{"href":"https:\/\/aquaconsultingllc.com\/holding\/wp-json\/wp\/v2\/types\/page"}],"author":[{"embeddable":true,"href":"https:\/\/aquaconsultingllc.com\/holding\/wp-json\/wp\/v2\/users\/1"}],"replies":[{"embeddable":true,"href":"https:\/\/aquaconsultingllc.com\/holding\/wp-json\/wp\/v2\/comments?post=781"}],"version-history":[{"count":12,"href":"https:\/\/aquaconsultingllc.com\/holding\/wp-json\/wp\/v2\/pages\/781\/revisions"}],"predecessor-version":[{"id":830,"href":"https:\/\/aquaconsultingllc.com\/holding\/wp-json\/wp\/v2\/pages\/781\/revisions\/830"}],"wp:attachment":[{"href":"https:\/\/aquaconsultingllc.com\/holding\/wp-json\/wp\/v2\/media?parent=781"}],"curies":[{"name":"wp","href":"https:\/\/api.w.org\/{rel}","templated":true}]}}